{"id":468,"date":"2015-10-02T18:47:10","date_gmt":"2015-10-02T16:47:10","guid":{"rendered":"http:\/\/www.marcus-bendel.de\/theater\/?page_id=468"},"modified":"2018-05-21T16:37:20","modified_gmt":"2018-05-21T14:37:20","slug":"masken-und-kostueme","status":"publish","type":"page","link":"https:\/\/marcus-bendel.de\/theater\/homepage\/themen\/masken-und-kostueme\/","title":{"rendered":"Masken und Kost\u00fcme"},"content":{"rendered":"<p>&nbsp;<\/p>\n<h1>Masken &amp; Kost\u00fcme<\/h1>\n<p>R\u00fcstungen, Helme, Fl\u00fcgel, H\u00f6rner, Masken\u2026. Vieles bei Kost\u00fcmen l\u00e4sst sich nicht nur n\u00e4hen. Wir k\u00fcmmern uns um all diese technischen Kost\u00fcme und Kost\u00fcmelemente. In enger Abstimmung mit den Kost\u00fcmbildnern\/innen und Schneidern\/innen entwickeln und bauen wir aus unterschiedlichsten Materialien wie zum beispiel Stoff, Metall, Kunststoff all diese Teile exakt nach Ihren Anforderungen, Vorstellungen und W\u00fcnschen. Auch passgenaue Masken f\u00fcr die unterschiedlichsten Einsatzgebiete geh\u00f6ren zu unserm Repertoire.<\/p>\n","protected":false},"excerpt":{"rendered":"<p>&nbsp; Masken &amp; Kost\u00fcme R\u00fcstungen, Helme, Fl\u00fcgel, H\u00f6rner, Masken\u2026. Vieles bei Kost\u00fcmen l\u00e4sst sich nicht nur n\u00e4hen. Wir k\u00fcmmern uns um all diese technischen Kost\u00fcme und Kost\u00fcmelemente. In enger Abstimmung mit den Kost\u00fcmbildnern\/innen und Schneidern\/innen entwickeln und bauen wir aus &hellip; <a href=\"https:\/\/marcus-bendel.de\/theater\/homepage\/themen\/masken-und-kostueme\/\">Weiterlesen<\/a><\/p>\n","protected":false},"author":1,"featured_media":0,"parent":13,"menu_order":2,"comment_status":"closed","ping_status":"closed","template":"template-portfolio-grid.php","meta":[],"_links":{"self":[{"href":"https:\/\/marcus-bendel.de\/theater\/wp-json\/wp\/v2\/pages\/468"}],"collection":[{"href":"https:\/\/marcus-bendel.de\/theater\/wp-json\/wp\/v2\/pages"}],"about":[{"href":"https:\/\/marcus-bendel.de\/theater\/wp-json\/wp\/v2\/types\/page"}],"author":[{"embeddable":true,"href":"https:\/\/marcus-bendel.de\/theater\/wp-json\/wp\/v2\/users\/1"}],"replies":[{"embeddable":true,"href":"https:\/\/marcus-bendel.de\/theater\/wp-json\/wp\/v2\/comments?post=468"}],"version-history":[{"count":4,"href":"https:\/\/marcus-bendel.de\/theater\/wp-json\/wp\/v2\/pages\/468\/revisions"}],"predecessor-version":[{"id":630,"href":"https:\/\/marcus-bendel.de\/theater\/wp-json\/wp\/v2\/pages\/468\/revisions\/630"}],"up":[{"embeddable":true,"href":"https:\/\/marcus-bendel.de\/theater\/wp-json\/wp\/v2\/pages\/13"}],"wp:attachment":[{"href":"https:\/\/marcus-bendel.de\/theater\/wp-json\/wp\/v2\/media?parent=468"}],"curies":[{"name":"wp","href":"https:\/\/api.w.org\/{rel}","templated":true}]}}