{"id":20,"date":"2015-02-27T16:05:34","date_gmt":"2015-02-27T15:05:34","guid":{"rendered":"http:\/\/www.marcus-bendel.de\/wp_theater1\/?page_id=4"},"modified":"2018-05-21T16:37:03","modified_gmt":"2018-05-21T14:37:03","slug":"buhnenbild","status":"publish","type":"page","link":"https:\/\/marcus-bendel.de\/theater\/homepage\/themen\/buhnenbild\/","title":{"rendered":"B\u00fchnenbilder"},"content":{"rendered":"<p>&nbsp;<\/p>\n<h1>B\u00fchnenbilder &amp; Set Design<\/h1>\n<p>Als visuellen Rahmen haben B\u00fchnenbilder eine ganz besondere Aufgabe: sie entf\u00fchren den Zuschauer in die unterschielichsten Welten und bilden den szenischen Raum f\u00fcr die Darsteller. Ausgehend von Skizzen und Zeichnungen entstehen mit Hilfe modernster Computertechnologie virtuelle 3D Modelle, ma\u00dfstabsgetreu Anschauungsmodelle, fertigungsgerechte Zeichnungen und nat\u00fcrlich am Ende die Realisierung des endg\u00fcltigen B\u00fchnenbilds. Ganz nach Ihren W\u00fcnschen und Vorstellungen k\u00f6nnen wir entweder Ihre Ideen umsetzen oder mit Ihnen gemeinsam visuelle L\u00f6sungen f\u00fcr Ihre Produktion entwickeln.<\/p>\n<p>&nbsp;<\/p>\n<p>&nbsp;<\/p>\n<p><a href=\"http:\/\/www.marcus-bendel.de\/theater\/wp-content\/uploads\/Buehnenbild_01.png\"><img loading=\"lazy\" class=\" wp-image-386 aligncenter\" src=\"http:\/\/www.marcus-bendel.de\/theater\/wp-content\/uploads\/Buehnenbild_01-300x200.png\" alt=\"Buehnenbild_01\" width=\"416\" height=\"277\" srcset=\"https:\/\/marcus-bendel.de\/theater\/wp-content\/uploads\/Buehnenbild_01-300x200.png 300w, https:\/\/marcus-bendel.de\/theater\/wp-content\/uploads\/Buehnenbild_01-1024x682.png 1024w, https:\/\/marcus-bendel.de\/theater\/wp-content\/uploads\/Buehnenbild_01.png 1200w\" sizes=\"(max-width: 416px) 100vw, 416px\" \/><\/a><\/p>\n<p>&nbsp;<\/p>\n<p>&nbsp;<\/p>\n<p>&nbsp;<\/p>\n<p>&nbsp;<\/p>\n","protected":false},"excerpt":{"rendered":"<p>&nbsp; B\u00fchnenbilder &amp; Set Design Als visuellen Rahmen haben B\u00fchnenbilder eine ganz besondere Aufgabe: sie entf\u00fchren den Zuschauer in die unterschielichsten Welten und bilden den szenischen Raum f\u00fcr die Darsteller. Ausgehend von Skizzen und Zeichnungen entstehen mit Hilfe modernster Computertechnologie &hellip; <a href=\"https:\/\/marcus-bendel.de\/theater\/homepage\/themen\/buhnenbild\/\">Weiterlesen<\/a><\/p>\n","protected":false},"author":1,"featured_media":0,"parent":13,"menu_order":2,"comment_status":"closed","ping_status":"closed","template":"template-portfolio-grid.php","meta":[],"_links":{"self":[{"href":"https:\/\/marcus-bendel.de\/theater\/wp-json\/wp\/v2\/pages\/20"}],"collection":[{"href":"https:\/\/marcus-bendel.de\/theater\/wp-json\/wp\/v2\/pages"}],"about":[{"href":"https:\/\/marcus-bendel.de\/theater\/wp-json\/wp\/v2\/types\/page"}],"author":[{"embeddable":true,"href":"https:\/\/marcus-bendel.de\/theater\/wp-json\/wp\/v2\/users\/1"}],"replies":[{"embeddable":true,"href":"https:\/\/marcus-bendel.de\/theater\/wp-json\/wp\/v2\/comments?post=20"}],"version-history":[{"count":8,"href":"https:\/\/marcus-bendel.de\/theater\/wp-json\/wp\/v2\/pages\/20\/revisions"}],"predecessor-version":[{"id":629,"href":"https:\/\/marcus-bendel.de\/theater\/wp-json\/wp\/v2\/pages\/20\/revisions\/629"}],"up":[{"embeddable":true,"href":"https:\/\/marcus-bendel.de\/theater\/wp-json\/wp\/v2\/pages\/13"}],"wp:attachment":[{"href":"https:\/\/marcus-bendel.de\/theater\/wp-json\/wp\/v2\/media?parent=20"}],"curies":[{"name":"wp","href":"https:\/\/api.w.org\/{rel}","templated":true}]}}