{"id":19,"date":"2015-02-26T13:52:58","date_gmt":"2015-02-26T12:52:58","guid":{"rendered":"http:\/\/www.marcus-bendel.de\/wp_theater1\/?page_id=2"},"modified":"2018-05-21T16:33:26","modified_gmt":"2018-05-21T14:33:26","slug":"homepage","status":"publish","type":"page","link":"https:\/\/marcus-bendel.de\/theater\/","title":{"rendered":"Marcus Bendel &#8211; Production Design"},"content":{"rendered":"<p>&nbsp;<\/p>\n<p>&nbsp;<\/p>\n<blockquote>\n<p style=\"text-align: center;\">Theaterrequisiten und B\u00fchnenbilder sind meine Leidenschaft.<\/p>\n<\/blockquote>\n<p style=\"text-align: center;\">Gerne statte ich auch Ihre Inszenierung mit Requisiten aus, unterst\u00fctze Sie bei der Gestaltung und dem Bau des B\u00fchnenbilds und entwerfe und produziere Figuren, Masken und Kost\u00fcmelemente f\u00fcr Sie.<\/p>\n<p>&nbsp;<\/p>\n<p>[columns] [span6]<\/p>\n<h1 style=\"text-align: center;\">Requisiten &amp;<br \/>\nAusstattung<\/h1>\n<p style=\"text-align: center;\">Vom kleinen Detail bis zur gesamten Ausstattung, wir entwerfen, bauen oder beschaffen die Requisiten und Ausstattung f\u00fcr Ihre Inszenierung. Wir entwickeln und fertigen Einzelst\u00fccke oder \u00fcbernehmen auch die Gesamtverantwortung f\u00fcr die komplette Ausstattung, so dass alle Teile budget\u2013 und termingerecht zur Verf\u00fcgung stehen.<\/p>\n<p style=\"text-align: center;\">Wie aus Ideen Requisiten werden: von der Planung \u00fcber den Entwurf und Bau bis zur Bemalung dieser Objekte, all das finden Sie<\/p>\n<p style=\"text-align: center;\"><a href=\"http:\/\/www.marcus-bendel.de\/theater\/homepage\/themen\/requisiten-2\/\">&#8230;hier<\/a><\/p>\n<p>[\/span6][span6]<\/p>\n<h1 style=\"text-align: center;\">B\u00fchnenbilder &amp;<br \/>\nSet Design<\/h1>\n<p style=\"text-align: center;\">Das B\u00fchnenbild schafft den visuellen Rahmen, es l\u00e4sst den Zuschauer in die verschiedensten Welten entschwinden und bildet den szenischen Raum f\u00fcr die Darsteller.<br \/>\nAusgehend von Skizzen und Zeichnungen, entstehen detaillierte 3D-CAD-Modelle, ma\u00dfstabsgetreue Anschauungsmodelle und die Realisierung des endg\u00fcltigen B\u00fchnenbilds.<\/p>\n<p style=\"text-align: center;\"><a href=\"http:\/\/www.marcus-bendel.de\/theater\/homepage\/themen\/buhnenbild\/\">&#8230;mehr<\/a><\/p>\n<p>[\/span6][\/columns]<\/p>\n<p>.<\/p>\n<p>[columns] [span6]<\/p>\n<h1 style=\"text-align: center;\">Figuren &amp;<br \/>\nPuppen<\/h1>\n<p style=\"text-align: center;\">Die &#8222;speziellen&#8220; Kreaturen sind immer wieder eine besondere Herausforderung.<br \/>\nDer Entwurf und Bau von Masken und Figuren ist oftmals eine technische, handwerkliche und gestalterische Herausforderung. Einige meiner Kreaturen finden Sie<\/p>\n<p style=\"text-align: center;\"><a href=\"http:\/\/www.marcus-bendel.de\/theater\/homepage\/themen\/figurentheater\/\">&#8230;hier<\/a><\/p>\n<p>[\/span6][span6]<\/p>\n<h1 style=\"text-align: center;\">Masken &amp;<br \/>\nKost\u00fcme<\/h1>\n<p style=\"text-align: center;\">R\u00fcstungen, Helme, Fl\u00fcgel, H\u00f6rner, Masken\u2026.<br \/>\nVieles bei Kost\u00fcmen l\u00e4sst sich nicht nur n\u00e4hen. Wir k\u00fcmmern uns um all diese technischen Kost\u00fcme und Kost\u00fcmelemente<\/p>\n<p style=\"text-align: center;\"><a href=\"http:\/\/www.marcus-bendel.de\/theater\/homepage\/themen\/masken-und-kostueme\/\">&#8230;mehr<\/a><\/p>\n<p>[\/span6][\/columns]<\/p>\n","protected":false},"excerpt":{"rendered":"<p>&nbsp; &nbsp; Theaterrequisiten und B\u00fchnenbilder sind meine Leidenschaft. Gerne statte ich auch Ihre Inszenierung mit Requisiten aus, unterst\u00fctze Sie bei der Gestaltung und dem Bau des B\u00fchnenbilds und entwerfe und produziere Figuren, Masken und Kost\u00fcmelemente f\u00fcr Sie. &nbsp; [columns] [span6] &hellip; <a href=\"https:\/\/marcus-bendel.de\/theater\/\">Weiterlesen<\/a><\/p>\n","protected":false},"author":1,"featured_media":0,"parent":0,"menu_order":0,"comment_status":"closed","ping_status":"closed","template":"","meta":[],"_links":{"self":[{"href":"https:\/\/marcus-bendel.de\/theater\/wp-json\/wp\/v2\/pages\/19"}],"collection":[{"href":"https:\/\/marcus-bendel.de\/theater\/wp-json\/wp\/v2\/pages"}],"about":[{"href":"https:\/\/marcus-bendel.de\/theater\/wp-json\/wp\/v2\/types\/page"}],"author":[{"embeddable":true,"href":"https:\/\/marcus-bendel.de\/theater\/wp-json\/wp\/v2\/users\/1"}],"replies":[{"embeddable":true,"href":"https:\/\/marcus-bendel.de\/theater\/wp-json\/wp\/v2\/comments?post=19"}],"version-history":[{"count":20,"href":"https:\/\/marcus-bendel.de\/theater\/wp-json\/wp\/v2\/pages\/19\/revisions"}],"predecessor-version":[{"id":619,"href":"https:\/\/marcus-bendel.de\/theater\/wp-json\/wp\/v2\/pages\/19\/revisions\/619"}],"wp:attachment":[{"href":"https:\/\/marcus-bendel.de\/theater\/wp-json\/wp\/v2\/media?parent=19"}],"curies":[{"name":"wp","href":"https:\/\/api.w.org\/{rel}","templated":true}]}}