{"id":162,"date":"2015-03-09T12:59:24","date_gmt":"2015-03-09T12:59:24","guid":{"rendered":"http:\/\/www.marcus-bendel.de\/wp_theater1\/?page_id=162"},"modified":"2018-05-21T16:35:42","modified_gmt":"2018-05-21T14:35:42","slug":"figurentheater","status":"publish","type":"page","link":"https:\/\/marcus-bendel.de\/theater\/homepage\/themen\/figurentheater\/","title":{"rendered":"Figurenbau"},"content":{"rendered":"<h1>Figuren &amp; Puppen<\/h1>\n<p>Die \u201espeziellen\u201c Kreaturen und Charaktere im Figurenbau sind immer wieder eine besondere Herausforderung. Der Entwurf und Bau von Figuren und Puppen ist oftmals eine gestalterische, technische und handwerkliche Herausforderung die wir gerne annehmen. Ausgefeilte Mechanismen f\u00fcr komplexe realistische Bewegungen, elektrische Systeme, Antriebe und Steuerungen f\u00fcr Spezialeffekte sorgen f\u00fcr die perfekte Funktion.<\/p>\n<p>Hier findet Iie Inszenieungen und Projekte f\u00fcr die ich die Figuren und Masken erstellt habe:<\/p>\n<p>&nbsp;<\/p>\n<p>&nbsp;<\/p>\n<p>&nbsp;<\/p>\n<p>&nbsp;<\/p>\n","protected":false},"excerpt":{"rendered":"<p>Figuren &amp; Puppen Die \u201espeziellen\u201c Kreaturen und Charaktere im Figurenbau sind immer wieder eine besondere Herausforderung. Der Entwurf und Bau von Figuren und Puppen ist oftmals eine gestalterische, technische und handwerkliche Herausforderung die wir gerne annehmen. Ausgefeilte Mechanismen f\u00fcr komplexe &hellip; <a href=\"https:\/\/marcus-bendel.de\/theater\/homepage\/themen\/figurentheater\/\">Weiterlesen<\/a><\/p>\n","protected":false},"author":1,"featured_media":0,"parent":13,"menu_order":0,"comment_status":"open","ping_status":"open","template":"template-portfolio-grid.php","meta":[],"_links":{"self":[{"href":"https:\/\/marcus-bendel.de\/theater\/wp-json\/wp\/v2\/pages\/162"}],"collection":[{"href":"https:\/\/marcus-bendel.de\/theater\/wp-json\/wp\/v2\/pages"}],"about":[{"href":"https:\/\/marcus-bendel.de\/theater\/wp-json\/wp\/v2\/types\/page"}],"author":[{"embeddable":true,"href":"https:\/\/marcus-bendel.de\/theater\/wp-json\/wp\/v2\/users\/1"}],"replies":[{"embeddable":true,"href":"https:\/\/marcus-bendel.de\/theater\/wp-json\/wp\/v2\/comments?post=162"}],"version-history":[{"count":5,"href":"https:\/\/marcus-bendel.de\/theater\/wp-json\/wp\/v2\/pages\/162\/revisions"}],"predecessor-version":[{"id":626,"href":"https:\/\/marcus-bendel.de\/theater\/wp-json\/wp\/v2\/pages\/162\/revisions\/626"}],"up":[{"embeddable":true,"href":"https:\/\/marcus-bendel.de\/theater\/wp-json\/wp\/v2\/pages\/13"}],"wp:attachment":[{"href":"https:\/\/marcus-bendel.de\/theater\/wp-json\/wp\/v2\/media?parent=162"}],"curies":[{"name":"wp","href":"https:\/\/api.w.org\/{rel}","templated":true}]}}