{"id":125,"date":"2015-03-03T15:45:48","date_gmt":"2015-03-03T15:45:48","guid":{"rendered":"http:\/\/www.marcus-bendel.de\/wp_theater1\/?page_id=125"},"modified":"2018-05-21T16:36:34","modified_gmt":"2018-05-21T14:36:34","slug":"requisiten-2","status":"publish","type":"page","link":"https:\/\/marcus-bendel.de\/theater\/homepage\/themen\/requisiten-2\/","title":{"rendered":"Requisiten"},"content":{"rendered":"<p>&nbsp;<\/p>\n<h1>Requisiten &amp; Ausstattung<\/h1>\n<p>Egal ob unscheinbar oder prominent, ob gro\u00df oder klein, selbst gebaut, geliehen oder gekauft, aus Holz, Metall oder Kunststoff &#8211; geht nicht gibt es (fast) nicht.<\/p>\n<p>Vom kleinen Detail bis zur gesamten Ausstattung, wir entwerfen, bauen oder beschaffen die Requisiten und Ausstattung f\u00fcr Ihre Inszenierung. Wir entwickeln und fertigen Einzelst\u00fccke oder \u00fcbernehmen auch die Gesamtverantwortung f\u00fcr die komplette Ausstattung, so dass alle Teile budget\u2013 und termingerecht zur Verf\u00fcgung stehen.<\/p>\n<p style=\"text-align: center;\">\u00a0<a href=\"http:\/\/www.marcus-bendel.de\/theater\/wp-content\/uploads\/Requisiten_1.jpg\"><img loading=\"lazy\" class=\"aligncenter wp-image-412 size-full\" src=\"http:\/\/www.marcus-bendel.de\/theater\/wp-content\/uploads\/Requisiten_1.jpg\" alt=\"\" width=\"800\" height=\"498\" srcset=\"https:\/\/marcus-bendel.de\/theater\/wp-content\/uploads\/Requisiten_1.jpg 800w, https:\/\/marcus-bendel.de\/theater\/wp-content\/uploads\/Requisiten_1-300x187.jpg 300w\" sizes=\"(max-width: 800px) 100vw, 800px\" \/><\/a>Ein Teil der Requisiten und Ausstattung f\u00fcr das Rutentheater 2015<\/p>\n<p style=\"text-align: left;\">Hier finden Sie einige Inszenieungen und Projekte f\u00fcr die wir die Requisiten erstellt haben:<\/p>\n","protected":false},"excerpt":{"rendered":"<p>&nbsp; Requisiten &amp; Ausstattung Egal ob unscheinbar oder prominent, ob gro\u00df oder klein, selbst gebaut, geliehen oder gekauft, aus Holz, Metall oder Kunststoff &#8211; geht nicht gibt es (fast) nicht. Vom kleinen Detail bis zur gesamten Ausstattung, wir entwerfen, bauen &hellip; <a href=\"https:\/\/marcus-bendel.de\/theater\/homepage\/themen\/requisiten-2\/\">Weiterlesen<\/a><\/p>\n","protected":false},"author":1,"featured_media":0,"parent":13,"menu_order":0,"comment_status":"open","ping_status":"open","template":"template-portfolio-grid.php","meta":[],"_links":{"self":[{"href":"https:\/\/marcus-bendel.de\/theater\/wp-json\/wp\/v2\/pages\/125"}],"collection":[{"href":"https:\/\/marcus-bendel.de\/theater\/wp-json\/wp\/v2\/pages"}],"about":[{"href":"https:\/\/marcus-bendel.de\/theater\/wp-json\/wp\/v2\/types\/page"}],"author":[{"embeddable":true,"href":"https:\/\/marcus-bendel.de\/theater\/wp-json\/wp\/v2\/users\/1"}],"replies":[{"embeddable":true,"href":"https:\/\/marcus-bendel.de\/theater\/wp-json\/wp\/v2\/comments?post=125"}],"version-history":[{"count":8,"href":"https:\/\/marcus-bendel.de\/theater\/wp-json\/wp\/v2\/pages\/125\/revisions"}],"predecessor-version":[{"id":628,"href":"https:\/\/marcus-bendel.de\/theater\/wp-json\/wp\/v2\/pages\/125\/revisions\/628"}],"up":[{"embeddable":true,"href":"https:\/\/marcus-bendel.de\/theater\/wp-json\/wp\/v2\/pages\/13"}],"wp:attachment":[{"href":"https:\/\/marcus-bendel.de\/theater\/wp-json\/wp\/v2\/media?parent=125"}],"curies":[{"name":"wp","href":"https:\/\/api.w.org\/{rel}","templated":true}]}}